{"id":784,"date":"2026-02-10T12:28:43","date_gmt":"2026-02-10T12:28:43","guid":{"rendered":"https:\/\/redaksimekarilmudua.com\/?post_type=product&#038;p=784"},"modified":"2026-04-06T10:01:48","modified_gmt":"2026-04-06T10:01:48","slug":"modul-pangajaran-basa-sunda-pikeun-murid-smp-mts-kelas-ix","status":"publish","type":"product","link":"https:\/\/redaksimekarilmudua.com\/?product=modul-pangajaran-basa-sunda-pikeun-murid-smp-mts-kelas-ix","title":{"rendered":"Panggupay Basa Pangajaran Basa Sunda Pikeun murid SMP\/MTs Kelas IX"},"content":{"rendered":"","protected":false},"excerpt":{"rendered":"<p><strong>Penerbit :<\/strong><span>\u00a0<\/span>Mekar Ilmu Dua.<\/p>\n<p><strong>Penulis :<\/strong> <span data-path-to-node=\"2,0,1,0\"><span class=\"citation-94\">\u00c9lah, H\u00e9ndarsyah Septandi, D\u00e9d\u00e9 Supardi, Wawan Miptah Ridwan, Endah Rodiah, Nia Kurniasih, Emin Rodiani, sarta Fitri Gina Fuji Nissa<\/span><\/span><span data-path-to-node=\"2,0,1,1\"><span class=\"citation-94 citation-end-94\"><source-footnote ng-version=\"0.0.0-PLACEHOLDER\" _nghost-ng-c211435705=\"\"><sup _ngcontent-ng-c211435705=\"\" class=\"superscript\" data-turn-source-index=\"1\"><\/sup><\/source-footnote><source-footnote ng-version=\"0.0.0-PLACEHOLDER\" _nghost-ng-c211435705=\"\"><sup _ngcontent-ng-c211435705=\"\" class=\"superscript\" data-turn-source-index=\"1\"><\/sup><\/source-footnote><source-footnote ng-version=\"0.0.0-PLACEHOLDER\" _nghost-ng-c211435705=\"\"><sup _ngcontent-ng-c211435705=\"\" class=\"superscript\" data-turn-source-index=\"1\"><\/sup><\/source-footnote><source-footnote ng-version=\"0.0.0-PLACEHOLDER\" _nghost-ng-c211435705=\"\"><sup _ngcontent-ng-c211435705=\"\" class=\"superscript\" data-turn-source-index=\"1\"><\/sup><\/source-footnote><\/span><\/span><span data-path-to-node=\"2,0,1,2\">.<\/span><\/p>\n<p><strong>Spesifikasi Buku :<\/strong><\/p>\n<p>Judul :<span>\u00a0<\/span><span data-path-to-node=\"2,1,1,0,1,0\"><span class=\"citation-49\">Modul Pangajaran Basa Sunda<\/span><\/span><span data-path-to-node=\"2,1,1,0,1,1\"><span class=\"citation-49 citation-end-49\"><source-footnote ng-version=\"0.0.0-PLACEHOLDER\" _nghost-ng-c211435705=\"\"><sup _ngcontent-ng-c211435705=\"\" class=\"superscript\" data-turn-source-index=\"2\"><\/sup><\/source-footnote><source-footnote ng-version=\"0.0.0-PLACEHOLDER\" _nghost-ng-c211435705=\"\"><sup _ngcontent-ng-c211435705=\"\" class=\"superscript\" data-turn-source-index=\"2\"><\/sup><\/source-footnote><source-footnote ng-version=\"0.0.0-PLACEHOLDER\" _nghost-ng-c211435705=\"\"><sup _ngcontent-ng-c211435705=\"\" class=\"superscript\" data-turn-source-index=\"2\"><\/sup><\/source-footnote><source-footnote ng-version=\"0.0.0-PLACEHOLDER\" _nghost-ng-c211435705=\"\"><sup _ngcontent-ng-c211435705=\"\" class=\"superscript\" data-turn-source-index=\"2\"><\/sup><\/source-footnote><\/span><\/span><span data-path-to-node=\"2,1,1,0,1,2\">.<\/span><sources-carousel-inline ng-version=\"0.0.0-PLACEHOLDER\" _nghost-ng-c3606723638=\"\"><source-inline-chip _ngcontent-ng-c3606723638=\"\" _nghost-ng-c2671931107=\"\" class=\"ng-star-inserted\"><\/source-inline-chip><\/sources-carousel-inline><\/p>\n<p>Peruntukan :\u00a0Pikeun murid SMP\/MTs Kelas<span>\u00a0<\/span><span data-path-to-node=\"2,1,1,1,1,0\"><span class=\"citation-92\">IX (9)<\/span><\/span><span data-path-to-node=\"2,1,1,1,1,1\"><span class=\"citation-92 citation-end-92\"><source-footnote ng-version=\"0.0.0-PLACEHOLDER\" _nghost-ng-c211435705=\"\"><sup _ngcontent-ng-c211435705=\"\" class=\"superscript\" data-turn-source-index=\"3\"><\/sup><\/source-footnote><source-footnote ng-version=\"0.0.0-PLACEHOLDER\" _nghost-ng-c211435705=\"\"><sup _ngcontent-ng-c211435705=\"\" class=\"superscript\" data-turn-source-index=\"3\"><\/sup><\/source-footnote><source-footnote ng-version=\"0.0.0-PLACEHOLDER\" _nghost-ng-c211435705=\"\"><sup _ngcontent-ng-c211435705=\"\" class=\"superscript\" data-turn-source-index=\"3\"><\/sup><\/source-footnote><source-footnote ng-version=\"0.0.0-PLACEHOLDER\" _nghost-ng-c211435705=\"\"><sup _ngcontent-ng-c211435705=\"\" class=\"superscript\" data-turn-source-index=\"3\"><\/sup><\/source-footnote><\/span><\/span><span data-path-to-node=\"2,1,1,1,1,2\">.<\/span><\/p>\n<p>Kurikulum :<span>\u00a0<\/span>Merdeka.<\/p>\n<p><strong>ISBN :<\/strong> <span data-path-to-node=\"2,2,1,0\"><span class=\"citation-87\">978-623-98294-4-5<\/span><\/span><span data-path-to-node=\"2,2,1,1\"><span class=\"citation-87 citation-end-87\"><source-footnote ng-version=\"0.0.0-PLACEHOLDER\" _nghost-ng-c211435705=\"\"><sup _ngcontent-ng-c211435705=\"\" class=\"superscript\" data-turn-source-index=\"8\"><\/sup><\/source-footnote><\/span><\/span><span data-path-to-node=\"2,2,1,2\">.<\/span><\/p>\n","protected":false},"featured_media":1008,"comment_status":"open","ping_status":"closed","template":"","meta":[],"product_brand":[30],"product_cat":[33,29],"product_tag":[],"class_list":{"0":"post-784","1":"product","2":"type-product","3":"status-publish","4":"has-post-thumbnail","6":"product_brand-mekar-ilmu-dua","7":"product_cat-buku-modul-pembelajaran","8":"product_cat-buku-smp-mts","10":"first","11":"instock","12":"shipping-taxable","13":"purchasable","14":"product-type-simple"},"_links":{"self":[{"href":"https:\/\/redaksimekarilmudua.com\/index.php?rest_route=\/wp\/v2\/product\/784","targetHints":{"allow":["GET"]}}],"collection":[{"href":"https:\/\/redaksimekarilmudua.com\/index.php?rest_route=\/wp\/v2\/product"}],"about":[{"href":"https:\/\/redaksimekarilmudua.com\/index.php?rest_route=\/wp\/v2\/types\/product"}],"replies":[{"embeddable":true,"href":"https:\/\/redaksimekarilmudua.com\/index.php?rest_route=%2Fwp%2Fv2%2Fcomments&post=784"}],"wp:featuredmedia":[{"embeddable":true,"href":"https:\/\/redaksimekarilmudua.com\/index.php?rest_route=\/wp\/v2\/media\/1008"}],"wp:attachment":[{"href":"https:\/\/redaksimekarilmudua.com\/index.php?rest_route=%2Fwp%2Fv2%2Fmedia&parent=784"}],"wp:term":[{"taxonomy":"product_brand","embeddable":true,"href":"https:\/\/redaksimekarilmudua.com\/index.php?rest_route=%2Fwp%2Fv2%2Fproduct_brand&post=784"},{"taxonomy":"product_cat","embeddable":true,"href":"https:\/\/redaksimekarilmudua.com\/index.php?rest_route=%2Fwp%2Fv2%2Fproduct_cat&post=784"},{"taxonomy":"product_tag","embeddable":true,"href":"https:\/\/redaksimekarilmudua.com\/index.php?rest_route=%2Fwp%2Fv2%2Fproduct_tag&post=784"}],"curies":[{"name":"wp","href":"https:\/\/api.w.org\/{rel}","templated":true}]}}